{"id":5788,"date":"2023-07-17T08:09:04","date_gmt":"2023-07-17T07:09:04","guid":{"rendered":"https:\/\/grandcarob.com\/?post_type=product&#038;p=5788"},"modified":"2024-01-29T11:49:29","modified_gmt":"2024-01-29T11:49:29","slug":"granola-alfarroba-e-coco-2","status":"publish","type":"product","link":"https:\/\/grandcarob.com\/pt-pt\/produto\/granola-alfarroba-e-coco-2\/","title":{"rendered":"Granola Coco 1,5kg"},"content":{"rendered":"","protected":false},"excerpt":{"rendered":"<p>A nossa receita original. Granolas crocantes que combinam o sabor aveludado da alfarroba natural com as notas frutadas do coco. De uma praia algarvia para uma ilha caribenha? Uma fus\u00e3o de sabores que atravessam oceanos.<\/p>\n<p>100% natural. Sem gl\u00faten. 100% vegetal. Sem adi\u00e7\u00e3o de a\u00e7\u00facar.<\/p>\n","protected":false},"featured_media":5799,"template":"","meta":{"_acf_changed":false,"_et_pb_use_builder":"","_et_pb_old_content":"","_et_gb_content_width":""},"product_brand":[],"product_cat":[48],"product_tag":[],"class_list":{"0":"post-5788","1":"product","2":"type-product","3":"status-publish","4":"has-post-thumbnail","6":"product_cat-granolas-pt-pt","8":"first","9":"instock","10":"taxable","11":"shipping-taxable","12":"purchasable","13":"product-type-simple"},"acf":[],"yoast_head":"<!-- This site is optimized with the Yoast SEO plugin v25.9 - https:\/\/yoast.com\/wordpress\/plugins\/seo\/ -->\n<title>Granola Coco 1,5kg - Grand Carob<\/title>\n<meta name=\"description\" content=\"A nossa receita original. Granolas crocantes que combinam o sabor aveludado da alfarroba natural com as notas frutadas do coco.\" \/>\n<meta name=\"robots\" content=\"index, follow, max-snippet:-1, max-image-preview:large, max-video-preview:-1\" \/>\n<link rel=\"canonical\" href=\"https:\/\/grandcarob.com\/pt-pt\/produto\/granola-alfarroba-e-coco-2\/\" \/>\n<meta property=\"og:locale\" content=\"pt_PT\" \/>\n<meta property=\"og:type\" content=\"article\" \/>\n<meta property=\"og:title\" content=\"Granola Coco 1,5kg - Grand Carob\" \/>\n<meta property=\"og:description\" content=\"A nossa receita original. Granolas crocantes que combinam o sabor aveludado da alfarroba natural com as notas frutadas do coco.\" \/>\n<meta property=\"og:url\" content=\"https:\/\/grandcarob.com\/pt-pt\/produto\/granola-alfarroba-e-coco-2\/\" \/>\n<meta property=\"og:site_name\" content=\"Grand Carob\" \/>\n<meta property=\"article:publisher\" content=\"https:\/\/www.facebook.com\/GrandCarob\/\" \/>\n<meta property=\"article:modified_time\" content=\"2024-01-29T11:49:29+00:00\" \/>\n<meta property=\"og:image\" content=\"https:\/\/grandcarob.com\/wp-content\/uploads\/2023\/07\/1.1-1-883x1024.png\" \/>\n\t<meta property=\"og:image:width\" content=\"883\" \/>\n\t<meta property=\"og:image:height\" content=\"1024\" \/>\n\t<meta property=\"og:image:type\" content=\"image\/png\" \/>\n<meta name=\"twitter:card\" content=\"summary_large_image\" \/>\n<meta name=\"twitter:label1\" content=\"Tempo estimado de leitura\" \/>\n\t<meta name=\"twitter:data1\" content=\"1 minuto\" \/>\n<script type=\"application\/ld+json\" class=\"yoast-schema-graph\">{\"@context\":\"https:\/\/schema.org\",\"@graph\":[{\"@type\":\"WebPage\",\"@id\":\"https:\/\/grandcarob.com\/pt-pt\/produto\/granola-alfarroba-e-coco-2\/\",\"url\":\"https:\/\/grandcarob.com\/pt-pt\/produto\/granola-alfarroba-e-coco-2\/\",\"name\":\"Granola Coco 1,5kg - Grand Carob\",\"isPartOf\":{\"@id\":\"https:\/\/grandcarob.com\/pt-pt\/#website\"},\"primaryImageOfPage\":{\"@id\":\"https:\/\/grandcarob.com\/pt-pt\/produto\/granola-alfarroba-e-coco-2\/#primaryimage\"},\"image\":{\"@id\":\"https:\/\/grandcarob.com\/pt-pt\/produto\/granola-alfarroba-e-coco-2\/#primaryimage\"},\"thumbnailUrl\":\"https:\/\/grandcarob.com\/wp-content\/uploads\/2023\/07\/1.1-1.png\",\"datePublished\":\"2023-07-17T07:09:04+00:00\",\"dateModified\":\"2024-01-29T11:49:29+00:00\",\"description\":\"A nossa receita original. Granolas crocantes que combinam o sabor aveludado da alfarroba natural com as notas frutadas do coco.\",\"breadcrumb\":{\"@id\":\"https:\/\/grandcarob.com\/pt-pt\/produto\/granola-alfarroba-e-coco-2\/#breadcrumb\"},\"inLanguage\":\"pt-PT\",\"potentialAction\":[{\"@type\":\"ReadAction\",\"target\":[\"https:\/\/grandcarob.com\/pt-pt\/produto\/granola-alfarroba-e-coco-2\/\"]}]},{\"@type\":\"ImageObject\",\"inLanguage\":\"pt-PT\",\"@id\":\"https:\/\/grandcarob.com\/pt-pt\/produto\/granola-alfarroba-e-coco-2\/#primaryimage\",\"url\":\"https:\/\/grandcarob.com\/wp-content\/uploads\/2023\/07\/1.1-1.png\",\"contentUrl\":\"https:\/\/grandcarob.com\/wp-content\/uploads\/2023\/07\/1.1-1.png\",\"width\":2581,\"height\":2992},{\"@type\":\"BreadcrumbList\",\"@id\":\"https:\/\/grandcarob.com\/pt-pt\/produto\/granola-alfarroba-e-coco-2\/#breadcrumb\",\"itemListElement\":[{\"@type\":\"ListItem\",\"position\":1,\"name\":\"Home\",\"item\":\"https:\/\/grandcarob.com\/pt-pt\/\"},{\"@type\":\"ListItem\",\"position\":2,\"name\":\"Shop\",\"item\":\"https:\/\/grandcarob.com\/pt-pt\/shop\/\"},{\"@type\":\"ListItem\",\"position\":3,\"name\":\"Granola Coco 1,5kg\"}]},{\"@type\":\"WebSite\",\"@id\":\"https:\/\/grandcarob.com\/pt-pt\/#website\",\"url\":\"https:\/\/grandcarob.com\/pt-pt\/\",\"name\":\"Grand Carob\",\"description\":\"Bebida de Alfarroba\",\"publisher\":{\"@id\":\"https:\/\/grandcarob.com\/pt-pt\/#organization\"},\"potentialAction\":[{\"@type\":\"SearchAction\",\"target\":{\"@type\":\"EntryPoint\",\"urlTemplate\":\"https:\/\/grandcarob.com\/pt-pt\/?s={search_term_string}\"},\"query-input\":{\"@type\":\"PropertyValueSpecification\",\"valueRequired\":true,\"valueName\":\"search_term_string\"}}],\"inLanguage\":\"pt-PT\"},{\"@type\":\"Organization\",\"@id\":\"https:\/\/grandcarob.com\/pt-pt\/#organization\",\"name\":\"Grand Carob - Bebida de Alfarroba\",\"url\":\"https:\/\/grandcarob.com\/pt-pt\/\",\"logo\":{\"@type\":\"ImageObject\",\"inLanguage\":\"pt-PT\",\"@id\":\"https:\/\/grandcarob.com\/pt-pt\/#\/schema\/logo\/image\/\",\"url\":\"https:\/\/grandcarob.com\/wp-content\/uploads\/2020\/05\/Logo_grandcarob.png\",\"contentUrl\":\"https:\/\/grandcarob.com\/wp-content\/uploads\/2020\/05\/Logo_grandcarob.png\",\"width\":1417,\"height\":709,\"caption\":\"Grand Carob - Bebida de Alfarroba\"},\"image\":{\"@id\":\"https:\/\/grandcarob.com\/pt-pt\/#\/schema\/logo\/image\/\"},\"sameAs\":[\"https:\/\/www.facebook.com\/GrandCarob\/\",\"https:\/\/www.instagram.com\/grandcarob\/\"]}]}<\/script>\n<!-- \/ Yoast SEO plugin. -->","yoast_head_json":{"title":"Granola Coco 1,5kg - Grand Carob","description":"A nossa receita original. Granolas crocantes que combinam o sabor aveludado da alfarroba natural com as notas frutadas do coco.","robots":{"index":"index","follow":"follow","max-snippet":"max-snippet:-1","max-image-preview":"max-image-preview:large","max-video-preview":"max-video-preview:-1"},"canonical":"https:\/\/grandcarob.com\/pt-pt\/produto\/granola-alfarroba-e-coco-2\/","og_locale":"pt_PT","og_type":"article","og_title":"Granola Coco 1,5kg - Grand Carob","og_description":"A nossa receita original. Granolas crocantes que combinam o sabor aveludado da alfarroba natural com as notas frutadas do coco.","og_url":"https:\/\/grandcarob.com\/pt-pt\/produto\/granola-alfarroba-e-coco-2\/","og_site_name":"Grand Carob","article_publisher":"https:\/\/www.facebook.com\/GrandCarob\/","article_modified_time":"2024-01-29T11:49:29+00:00","og_image":[{"width":883,"height":1024,"url":"https:\/\/grandcarob.com\/wp-content\/uploads\/2023\/07\/1.1-1-883x1024.png","type":"image\/png"}],"twitter_card":"summary_large_image","twitter_misc":{"Tempo estimado de leitura":"1 minuto"},"schema":{"@context":"https:\/\/schema.org","@graph":[{"@type":"WebPage","@id":"https:\/\/grandcarob.com\/pt-pt\/produto\/granola-alfarroba-e-coco-2\/","url":"https:\/\/grandcarob.com\/pt-pt\/produto\/granola-alfarroba-e-coco-2\/","name":"Granola Coco 1,5kg - Grand Carob","isPartOf":{"@id":"https:\/\/grandcarob.com\/pt-pt\/#website"},"primaryImageOfPage":{"@id":"https:\/\/grandcarob.com\/pt-pt\/produto\/granola-alfarroba-e-coco-2\/#primaryimage"},"image":{"@id":"https:\/\/grandcarob.com\/pt-pt\/produto\/granola-alfarroba-e-coco-2\/#primaryimage"},"thumbnailUrl":"https:\/\/grandcarob.com\/wp-content\/uploads\/2023\/07\/1.1-1.png","datePublished":"2023-07-17T07:09:04+00:00","dateModified":"2024-01-29T11:49:29+00:00","description":"A nossa receita original. Granolas crocantes que combinam o sabor aveludado da alfarroba natural com as notas frutadas do coco.","breadcrumb":{"@id":"https:\/\/grandcarob.com\/pt-pt\/produto\/granola-alfarroba-e-coco-2\/#breadcrumb"},"inLanguage":"pt-PT","potentialAction":[{"@type":"ReadAction","target":["https:\/\/grandcarob.com\/pt-pt\/produto\/granola-alfarroba-e-coco-2\/"]}]},{"@type":"ImageObject","inLanguage":"pt-PT","@id":"https:\/\/grandcarob.com\/pt-pt\/produto\/granola-alfarroba-e-coco-2\/#primaryimage","url":"https:\/\/grandcarob.com\/wp-content\/uploads\/2023\/07\/1.1-1.png","contentUrl":"https:\/\/grandcarob.com\/wp-content\/uploads\/2023\/07\/1.1-1.png","width":2581,"height":2992},{"@type":"BreadcrumbList","@id":"https:\/\/grandcarob.com\/pt-pt\/produto\/granola-alfarroba-e-coco-2\/#breadcrumb","itemListElement":[{"@type":"ListItem","position":1,"name":"Home","item":"https:\/\/grandcarob.com\/pt-pt\/"},{"@type":"ListItem","position":2,"name":"Shop","item":"https:\/\/grandcarob.com\/pt-pt\/shop\/"},{"@type":"ListItem","position":3,"name":"Granola Coco 1,5kg"}]},{"@type":"WebSite","@id":"https:\/\/grandcarob.com\/pt-pt\/#website","url":"https:\/\/grandcarob.com\/pt-pt\/","name":"Grand Carob","description":"Bebida de Alfarroba","publisher":{"@id":"https:\/\/grandcarob.com\/pt-pt\/#organization"},"potentialAction":[{"@type":"SearchAction","target":{"@type":"EntryPoint","urlTemplate":"https:\/\/grandcarob.com\/pt-pt\/?s={search_term_string}"},"query-input":{"@type":"PropertyValueSpecification","valueRequired":true,"valueName":"search_term_string"}}],"inLanguage":"pt-PT"},{"@type":"Organization","@id":"https:\/\/grandcarob.com\/pt-pt\/#organization","name":"Grand Carob - Bebida de Alfarroba","url":"https:\/\/grandcarob.com\/pt-pt\/","logo":{"@type":"ImageObject","inLanguage":"pt-PT","@id":"https:\/\/grandcarob.com\/pt-pt\/#\/schema\/logo\/image\/","url":"https:\/\/grandcarob.com\/wp-content\/uploads\/2020\/05\/Logo_grandcarob.png","contentUrl":"https:\/\/grandcarob.com\/wp-content\/uploads\/2020\/05\/Logo_grandcarob.png","width":1417,"height":709,"caption":"Grand Carob - Bebida de Alfarroba"},"image":{"@id":"https:\/\/grandcarob.com\/pt-pt\/#\/schema\/logo\/image\/"},"sameAs":["https:\/\/www.facebook.com\/GrandCarob\/","https:\/\/www.instagram.com\/grandcarob\/"]}]}},"_links":{"self":[{"href":"https:\/\/grandcarob.com\/pt-pt\/wp-json\/wp\/v2\/product\/5788","targetHints":{"allow":["GET"]}}],"collection":[{"href":"https:\/\/grandcarob.com\/pt-pt\/wp-json\/wp\/v2\/product"}],"about":[{"href":"https:\/\/grandcarob.com\/pt-pt\/wp-json\/wp\/v2\/types\/product"}],"wp:featuredmedia":[{"embeddable":true,"href":"https:\/\/grandcarob.com\/pt-pt\/wp-json\/wp\/v2\/media\/5799"}],"wp:attachment":[{"href":"https:\/\/grandcarob.com\/pt-pt\/wp-json\/wp\/v2\/media?parent=5788"}],"wp:term":[{"taxonomy":"product_brand","embeddable":true,"href":"https:\/\/grandcarob.com\/pt-pt\/wp-json\/wp\/v2\/product_brand?post=5788"},{"taxonomy":"product_cat","embeddable":true,"href":"https:\/\/grandcarob.com\/pt-pt\/wp-json\/wp\/v2\/product_cat?post=5788"},{"taxonomy":"product_tag","embeddable":true,"href":"https:\/\/grandcarob.com\/pt-pt\/wp-json\/wp\/v2\/product_tag?post=5788"}],"curies":[{"name":"wp","href":"https:\/\/api.w.org\/{rel}","templated":true}]}}